{"id":2136,"date":"2022-06-07T02:11:16","date_gmt":"2022-06-07T02:11:16","guid":{"rendered":"https:\/\/eklum.com\/?page_id=2136"},"modified":"2022-10-26T14:35:03","modified_gmt":"2022-10-26T19:35:03","slug":"terminos-y-condiciones","status":"publish","type":"page","link":"https:\/\/eklum.com\/es\/terminos-y-condiciones\/","title":{"rendered":"Terminos y condiciones"},"content":{"rendered":"\t\t<div data-elementor-type=\"wp-page\" data-elementor-id=\"2136\" class=\"elementor elementor-2136\">\n\t\t\t\t\t\t<section class=\"elementor-section elementor-top-section elementor-element elementor-element-f7fc70a elementor-section-boxed elementor-section-height-default elementor-section-height-default\" data-id=\"f7fc70a\" data-element_type=\"section\" data-e-type=\"section\">\n\t\t\t\t\t\t<div class=\"elementor-container elementor-column-gap-default\">\n\t\t\t\t\t<div class=\"elementor-column elementor-col-100 elementor-top-column elementor-element elementor-element-68dccf2\" data-id=\"68dccf2\" data-element_type=\"column\" data-e-type=\"column\">\n\t\t\t<div class=\"elementor-widget-wrap elementor-element-populated\">\n\t\t\t\t\t\t<div class=\"elementor-element elementor-element-62040db elementor-widget elementor-widget-heading\" data-id=\"62040db\" data-element_type=\"widget\" data-e-type=\"widget\" data-widget_type=\"heading.default\">\n\t\t\t\t<div class=\"elementor-widget-container\">\n\t\t\t\t\t<h2 class=\"elementor-heading-title elementor-size-default\">Contrato de renta<\/h2>\t\t\t\t<\/div>\n\t\t\t\t<\/div>\n\t\t\t\t<div class=\"elementor-element elementor-element-60d462d elementor-widget elementor-widget-text-editor\" data-id=\"60d462d\" data-element_type=\"widget\" data-e-type=\"widget\" data-widget_type=\"text-editor.default\">\n\t\t\t\t<div class=\"elementor-widget-container\">\n\t\t\t\t\t\t\t\t\t<p>Confirmaci\u00f3n de la Reserva Querido hu\u00e9sped, gracias por reservar nuestra casa para sus pr\u00f3ximas vacaciones. Esperamos que disfrute de su estad\u00eda<\/p><p>Este Contrato de Alquiler Vacacional se lleva a cabo entre (Propietario) ESTEBAN ROMERO TORRES y (Hu\u00e9sped) con la fecha en la que se ha realizado la firma en la \u00faltima p\u00e1gina de dicho documento. Ambas partes acuerdan suscribir el presente Contrato con las siguientes cl\u00e1usulas:<\/p><p>Contrato de Alquiler Vacacional<\/p><ol><li>Propiedad La propiedad de alquiler vacacional se encuentra en:<\/li><\/ol><ul><li>Alexa<\/li><li>4 televisiones tipo plasma<\/li><li>Horno de microondas<\/li><li>Estufa con horno<\/li><li>Licuadora<\/li><li>Cafetera<\/li><li>Toallas<\/li><li>Sabanas de 4 Camas<\/li><li>Bicicleta<\/li><li>Tv box Xiaomi<\/li><li>Tv Apple TV<\/li><li>Casts de wifi<\/li><li>Utensilios de cocina<\/li><li>Refrigerador<\/li><li>3 hamacas<\/li><li>Inmobiliario para exteriores<\/li><li>Dos sillas de playa<\/li><\/ul><ol start=\"2\"><li>M\u00e1xima capacidad de hu\u00e9spedes El n\u00famero de hu\u00e9spedes no podr\u00e1 ser superior a 8 Personas, incluyendo ni\u00f1os. Si se supera dicha cantidad, se aplicar\u00e1 un incremento de $2,000 DOS MIL MX\/00 por noche por cada persona extra.<\/li><\/ol><p>3. Plazo de alquiler El plazo del alquiler empieza a las horas el 3pm (\u201cFecha de check-in\u201d) y termina a las 12pm horas el (\u201cFecha de check-out\u201d). Si no se consigue hacer el check-out a tiempo, se podr\u00e1 aplicar una cuota de retraso que consta de 200 DOS CIENTOS PESOS 00\/MX, a menos que quede acordado previamente.<\/p><ol start=\"4\"><li>Estancia m\u00ednima Esta propiedad requiere una estancia m\u00ednima de 3 noches. La estancia m\u00ednima puede ser mayor en temporadas de vacaciones. Si la propiedad se alquila por menos de 3 noches, al hu\u00e9sped se le aplicar\u00e1 una tarifa de 3,000 TRES MIL PESOS 00\/MX por noche.<\/li><li>Normas de la casa Los hu\u00e9spedes se comprometen a respetar las Normas de la casa (adjuntadas en este contrato) en todo momento durante su estancia, y deber\u00e1n dar a conocer dichas normal a cualquier otra persona beneficiaria del alquiler, que a su vez deber\u00e1 respetarlas en todo momento durante su estancia.<\/li><li>\u00a0El inmueble arrendado se destinar\u00e1 \u00fanica y exclusivamente para el uso DOMESTICO, por lo cual queda expresamente prohibido a <strong>(Hu\u00e9sped) <\/strong>destinarlo para cualquier otro uso que contravenga lo estipulado en la Ley y Programas para el Desarrollo Urbano de Quintana Roo y la Ley de Establecimientos Mercantiles de la misma entidad, aceptando que en caso de hacerlo, ser\u00e1 causa de rescisi\u00f3n del presente contrato, adem\u00e1s de comprometerse y quedar obligado a realizar todas las gestiones, tr\u00e1mites o procedimientos que sean necesarios para liberar al bien inmueble y a <strong>(Propietario) <\/strong>de cualquier responsabilidad, sanci\u00f3n o multa por ese hecho.<\/li><li>\u00a0<strong>(Hu\u00e9sped) <\/strong>no podr\u00e1 sin consentimiento de <strong>(Propietario),<\/strong> y que se haga constar por escrito, variar la forma del inmueble arrendado, y si lo hace debe restablecerlo al estado en que lo recibi\u00f3, siendo adem\u00e1s responsable de los da\u00f1os y perjuicios que cause con ello, en t\u00e9rminos del C\u00f3digo Civil para la Quintana Roo M\u00e9xico.<\/li><li>\u00a0<strong>(Hu\u00e9sped) <\/strong>renuncia expresamente a cualquier derecho o indemnizaci\u00f3n que se motive por expropiaci\u00f3n o afectaci\u00f3n decretada por autoridad p\u00fablica que <strong>(Propietario) <\/strong>reciba en su car\u00e1cter legal de propietario.<\/li><\/ol><p><strong>\u00a0<\/strong><\/p><ol start=\"9\"><li>\u00a0La inobservancia o inexacto cumplimiento de alguna de las cl\u00e1usulas de este contrato ser\u00e1n causa suficiente para exigir la rescisi\u00f3n del presente contrato, adem\u00e1s de los casos previstos por la Ley de la materia.<\/li><\/ol><ol start=\"10\"><li>Las partes contratantes, renuncian expresamente al fuero presente o futuro de su domicilio y se someten de una manera expresa a las leyes y tribunales de la Quintana Roo para todo lo relativo a la interpretaci\u00f3n y cumplimiento de este contrato, mismo que se firma por duplicado entregando un ejemplar a <strong>\u201c&gt;<\/strong> y otro al <strong>(Propietario),<\/strong> quedando las restantes con las autoridades fiscales como est\u00e1 ordenado por la ley.<\/li><\/ol><ol start=\"11\"><li>Queda estrictamente prohibido el consumo, venta, compra de sustancias ilegales acorde a la ley federal de M\u00e9xico, (Propietario) <strong>renuncia<\/strong> expresamente a cualquier resultado de esta acci\u00f3n por lo que el <strong>(Hu\u00e9sped) <\/strong>ser\u00e1 responsable de cualquier resultado legal que esto ocasione.<\/li><\/ol><p><strong>\u00a0<\/strong><\/p><ol start=\"12\"><li>\u00a0Las partes que intervienen en el presente contrato se reconocen mutuamente su respectiva personalidad en los t\u00e9rminos expresados y despu\u00e9s de leerlo minuciosamente y enteradas de su alcance legal, lo firman al calce y al margen de cada hoja en Puerto Morelos Quintana Roo.<\/li><\/ol><ol start=\"13\"><li>Control de Acceso. Con objeto de llevar un adecuado control de acceso al Condominio<\/li><\/ol><p>y dar seguridad al mismo, los Cond\u00f3minos que otorguen en arrendamiento, comodato, posesi\u00f3n u otro similar su Unidad Privativa deber\u00e1n dar aviso por escrito a la Administraci\u00f3n, previo a su ocupaci\u00f3n. La Administraci\u00f3n deber\u00e1 poner a disposici\u00f3n de los Cond\u00f3minos un formato en el que deber\u00e1 se\u00f1alarse el nombre del ocupante y el periodo en que estar\u00e1 en posesi\u00f3n de la Unidad Privativa respectiva.<\/p><ol start=\"14\"><li>Respetar la propiedad exclusiva de cada Cond\u00f3mino.<\/li><\/ol><ol start=\"15\"><li>Obligaciones de los Cond\u00f3minos sobre las \u00c1reas Comunes:<\/li><\/ol><ol><li>a) Utilizar los Bienes y \u00c1reas Comunes conforme a la naturaleza y destino de los mismos.<\/li><li>b) Cuidar y procurar la limpieza y sanidad del Condominio.<\/li><li>c) Permitir la ejecuci\u00f3n de las obras o reparaciones necesarias en los Bienes y \u00c1reas Comunes del Condominio.<\/li><li>d) Dar aviso inmediato a la Administraci\u00f3n de cualquier circunstancia o hecho que afecte o pudiere llegar a afectar la propiedad y\/o los servicios comunes.<\/li><li>e) Cumplir con las disposiciones previstas en el presente Reglamento y dem\u00e1s aplicables en la Ley.<\/li><li>b) Hacer uso indebido u ofensivo de las \u00c1reas Comunes. Obstruir o utilizar para fines distintos las vialidades, pasillos, entradas o salidas del Condominio. Colocar, almacenar o amontonar en las vialidades y dem\u00e1s \u00c1reas Comunes, muebles, cajas, paquetes u otros objetos que de alguna manera obstruyan el tr\u00e1nsito o impidan el uso para el que est\u00e1n destinados.<\/li><li>l) Exceder los l\u00edmites de velocidad permitidos. Operar con volumen alto alg\u00fan aparato electr\u00f3nico o de sonido que genere molestia a los dem\u00e1s Cond\u00f3minos.<\/li><\/ol><p>Hacer uso de las \u00c1reas Comunes para fiestas. Las \u00e1reas comunes solo podr\u00e1n ser utilizadas para reuniones familiares que no excedan de 30 personas, mismas que deber\u00e1n contar con la autorizaci\u00f3n de la Administraci\u00f3n y terminar a m\u00e1s tardar a las 23:00 horas. Hacer uso de juegos artificiales o art\u00edculos pirot\u00e9cnicos dentro o fuera de las Unidades Privativas.<\/p><ol><li>p) Tener animales de naturaleza peligrosa que amanecen la seguridad y la tranquilidad de cualquier Cond\u00f3mino. Abstenerse de levantar o recoger las heces de sus mascotas de manera inmediata dentro de las \u00c1reas Comunes.<\/li><\/ol><p>16. Pol\u00edtica de cancelaci\u00f3n.<br \/>Las cancelaciones realizadas 7 d\u00edas o m\u00e1s antes de la fecha de reserva recibir\u00e1n un reembolso del 100%. Las cancelaciones realizadas dentro de los 3 a 6 d\u00edas dar\u00e1n como resultado un reembolso del 50%. Las cancelaciones realizadas dentro de las 48 horas de la fecha de llegada NO dar\u00e1n lugar a ning\u00fan reembolso.<\/p>\t\t\t\t\t\t\t\t<\/div>\n\t\t\t\t<\/div>\n\t\t\t\t<div class=\"elementor-element elementor-element-779ed5f elementor-button-align-stretch elementor-widget elementor-widget-form\" data-id=\"779ed5f\" data-element_type=\"widget\" data-e-type=\"widget\" data-settings=\"{&quot;step_next_label&quot;:&quot;Next&quot;,&quot;step_previous_label&quot;:&quot;Previous&quot;,&quot;button_width&quot;:&quot;100&quot;,&quot;step_type&quot;:&quot;number_text&quot;,&quot;step_icon_shape&quot;:&quot;circle&quot;}\" data-widget_type=\"form.default\">\n\t\t\t\t<div class=\"elementor-widget-container\">\n\t\t\t\t\t\t\t<form class=\"elementor-form\" method=\"post\" name=\"New Form\">\n\t\t\t<input type=\"hidden\" name=\"post_id\" value=\"2136\"\/>\n\t\t\t<input type=\"hidden\" name=\"form_id\" value=\"779ed5f\"\/>\n\t\t\t<input type=\"hidden\" name=\"referer_title\" value=\"\" \/>\n\n\t\t\t\n\t\t\t<div class=\"elementor-form-fields-wrapper elementor-labels-above\">\n\t\t\t\t\t\t\t\t<div class=\"elementor-field-type-email elementor-field-group elementor-column elementor-field-group-email elementor-col-75\">\n\t\t\t\t\t\t\t\t\t\t\t\t<label for=\"form-field-email\" class=\"elementor-field-label\">\n\t\t\t\t\t\t\t\tEmail\t\t\t\t\t\t\t<\/label>\n\t\t\t\t\t\t\t\t\t\t\t\t\t\t<input size=\"1\" type=\"email\" name=\"form_fields[email]\" id=\"form-field-email\" class=\"elementor-field elementor-size-sm  elementor-field-textual\" placeholder=\"Email\">\n\t\t\t\t\t\t\t\t\t\t\t<\/div>\n\t\t\t\t\t\t\t\t<div class=\"elementor-field-type-acceptance elementor-field-group elementor-column elementor-field-group-Acepto elementor-col-25 elementor-field-required elementor-mark-required\">\n\t\t\t\t\t\t\t\t\t\t\t\t<label for=\"form-field-Acepto\" class=\"elementor-field-label\">\n\t\t\t\t\t\t\t\tAcepto\t\t\t\t\t\t\t<\/label>\n\t\t\t\t\t\t\t\t<div class=\"elementor-field-subgroup\">\n\t\t\t<span class=\"elementor-field-option\">\n\t\t\t\t<input type=\"checkbox\" name=\"form_fields[Acepto]\" id=\"form-field-Acepto\" class=\"elementor-field elementor-size-sm  elementor-acceptance-field\" required=\"required\" aria-required=\"true\">\n\t\t\t\t\t\t\t<\/span>\n\t\t<\/div>\n\t\t\t\t\t\t<\/div>\n\t\t\t\t\t\t\t\t<div class=\"elementor-field-group elementor-column elementor-field-type-submit elementor-col-100 e-form__buttons\">\n\t\t\t\t\t<button type=\"submit\" class=\"elementor-button elementor-size-sm\">\n\t\t\t\t\t\t<span >\n\t\t\t\t\t\t\t\t\t\t\t\t\t\t\t<span class=\" elementor-button-icon\">\n\t\t\t\t\t\t\t\t\t\t\t\t\t\t\t\t\t\t\t\t\t\t\t\t\t\t<\/span>\n\t\t\t\t\t\t\t\t\t\t\t\t\t\t\t\t\t\t\t\t\t\t<span class=\"elementor-button-text\">Acepto<\/span>\n\t\t\t\t\t\t\t\t\t\t\t\t\t<\/span>\n\t\t\t\t\t<\/button>\n\t\t\t\t<\/div>\n\t\t\t<\/div>\n\t\t<\/form>\n\t\t\t\t\t\t<\/div>\n\t\t\t\t<\/div>\n\t\t\t\t\t<\/div>\n\t\t<\/div>\n\t\t\t\t\t<\/div>\n\t\t<\/section>\n\t\t\t\t<\/div>\n\t\t","protected":false},"excerpt":{"rendered":"<p>Contrato de renta Confirmaci\u00f3n de la Reserva Querido hu\u00e9sped, gracias por reservar nuestra casa para sus pr\u00f3ximas vacaciones. Esperamos que disfrute de su estad\u00eda Este Contrato de Alquiler Vacacional se lleva a cabo entre (Propietario) ESTEBAN ROMERO TORRES y (Hu\u00e9sped) con la fecha en la que se ha realizado la firma en la \u00faltima p\u00e1gina [&hellip;]<\/p>\n","protected":false},"author":1,"featured_media":1897,"parent":0,"menu_order":0,"comment_status":"closed","ping_status":"closed","template":"","meta":{"site-sidebar-layout":"no-sidebar","site-content-layout":"page-builder","ast-site-content-layout":"","site-content-style":"default","site-sidebar-style":"default","ast-global-header-display":"","ast-banner-title-visibility":"","ast-main-header-display":"","ast-hfb-above-header-display":"","ast-hfb-below-header-display":"","ast-hfb-mobile-header-display":"","site-post-title":"disabled","ast-breadcrumbs-content":"","ast-featured-img":"disabled","footer-sml-layout":"","theme-transparent-header-meta":"","adv-header-id-meta":"","stick-header-meta":"","header-above-stick-meta":"","header-main-stick-meta":"","header-below-stick-meta":"","astra-migrate-meta-layouts":"default","ast-page-background-enabled":"default","ast-page-background-meta":{"desktop":{"background-color":"","background-image":"","background-repeat":"repeat","background-position":"center center","background-size":"auto","background-attachment":"scroll","background-type":"","background-media":"","overlay-type":"","overlay-color":"","overlay-opacity":"","overlay-gradient":""},"tablet":{"background-color":"","background-image":"","background-repeat":"repeat","background-position":"center center","background-size":"auto","background-attachment":"scroll","background-type":"","background-media":"","overlay-type":"","overlay-color":"","overlay-opacity":"","overlay-gradient":""},"mobile":{"background-color":"","background-image":"","background-repeat":"repeat","background-position":"center center","background-size":"auto","background-attachment":"scroll","background-type":"","background-media":"","overlay-type":"","overlay-color":"","overlay-opacity":"","overlay-gradient":""}},"ast-content-background-meta":{"desktop":{"background-color":"var(--ast-global-color-5)","background-image":"","background-repeat":"repeat","background-position":"center center","background-size":"auto","background-attachment":"scroll","background-type":"","background-media":"","overlay-type":"","overlay-color":"","overlay-opacity":"","overlay-gradient":""},"tablet":{"background-color":"var(--ast-global-color-5)","background-image":"","background-repeat":"repeat","background-position":"center center","background-size":"auto","background-attachment":"scroll","background-type":"","background-media":"","overlay-type":"","overlay-color":"","overlay-opacity":"","overlay-gradient":""},"mobile":{"background-color":"var(--ast-global-color-5)","background-image":"","background-repeat":"repeat","background-position":"center center","background-size":"auto","background-attachment":"scroll","background-type":"","background-media":"","overlay-type":"","overlay-color":"","overlay-opacity":"","overlay-gradient":""}},"footnotes":""},"class_list":["post-2136","page","type-page","status-publish","has-post-thumbnail","hentry"],"_links":{"self":[{"href":"https:\/\/eklum.com\/es\/wp-json\/wp\/v2\/pages\/2136","targetHints":{"allow":["GET"]}}],"collection":[{"href":"https:\/\/eklum.com\/es\/wp-json\/wp\/v2\/pages"}],"about":[{"href":"https:\/\/eklum.com\/es\/wp-json\/wp\/v2\/types\/page"}],"author":[{"embeddable":true,"href":"https:\/\/eklum.com\/es\/wp-json\/wp\/v2\/users\/1"}],"replies":[{"embeddable":true,"href":"https:\/\/eklum.com\/es\/wp-json\/wp\/v2\/comments?post=2136"}],"version-history":[{"count":33,"href":"https:\/\/eklum.com\/es\/wp-json\/wp\/v2\/pages\/2136\/revisions"}],"predecessor-version":[{"id":5695,"href":"https:\/\/eklum.com\/es\/wp-json\/wp\/v2\/pages\/2136\/revisions\/5695"}],"wp:featuredmedia":[{"embeddable":true,"href":"https:\/\/eklum.com\/es\/wp-json\/wp\/v2\/media\/1897"}],"wp:attachment":[{"href":"https:\/\/eklum.com\/es\/wp-json\/wp\/v2\/media?parent=2136"}],"curies":[{"name":"wp","href":"https:\/\/api.w.org\/{rel}","templated":true}]}}