{"id":3574,"date":"2022-06-22T02:22:31","date_gmt":"2022-06-22T02:22:31","guid":{"rendered":"https:\/\/eklum.com\/?post_type=product&#038;p=3574"},"modified":"2022-06-30T18:01:17","modified_gmt":"2022-06-30T18:01:17","slug":"cuarto-privado-puerto-morelos","status":"publish","type":"product","link":"https:\/\/eklum.com\/es\/room\/cuarto-privado-puerto-morelos\/","title":{"rendered":"\u25b7 Cuarto Privado Puerto Morelos Garden Room"},"content":{"rendered":"<h1>Cuarto Privado Puerto Morelos<\/h1>\n<p>Cuarto Accesible vacacional en Puerto Morelos Cancun<\/p>\n<p>Nuestra habitaci\u00f3n en la planta baja.<\/p>\n<p>M\u00e1ximo 2 personas &#8211; m\u00ednimo 3 noches<\/p>\n<p>Hermosa y grande habitaci\u00f3n en planta baja con vista a nuestros \u00e1rboles y jardines. Acceso al jard\u00edn con hamaca. Un cuarto rodeado de naturaleza con un ventanal enorme y ventanas de piso a techo. Incluye closet y escritorio para trabajar si lo deseas. Incluye aire acondicionado y ventilador de techo SIN RUIDO.<\/p>\n<p>Cocina y sala compartida las dos super equipadas<\/p>\n<p>Agua caliente y bajo presi\u00f3n en bajo hermoso y paredes de cemento pulido artesanal.<\/p>\n<p>Incluye<\/p>\n<ul>\n<li>1 Recamara<\/li>\n<li>1 Ba\u00f1o completo compartido<\/li>\n<li>1 Cocina equipada<\/li>\n<li>Comedor<\/li>\n<li>Sala<\/li>\n<li>Rooftop<\/li>\n<li>Terrraza<\/li>\n<li>Patio \/ Jardin<\/li>\n<\/ul>\n<p>\ud835\udc04\ud835\udc2a\ud835\udc2e\ud835\udc22\ud835\udc29amiento<\/p>\n<ul>\n<li>TVs<\/li>\n<li>Boiler Solar<\/li>\n<li>Internet<\/li>\n<li>Alta presi\u00f3n de Agua<\/li>\n<li>Estacionamiento<\/li>\n<li>Refrigerador<\/li>\n<li>Cafetera<\/li>\n<li>Microondas<\/li>\n<li>Asador<\/li>\n<li>Carro (costo extra)<\/li>\n<\/ul>\n<p>\ud835\udc11\ud835\udc1e\ud835\udc2c\ud835\udc22\ud835\udc1d\ud835\udc1encial \ud835\udc00\ud835\udc0b\ud835\udc03\ud835\udc04\ud835\udc00 \ud835\udc0a\ud835\udc00\u00b4\ud835\udc00\ud835\udc0d<\/p>\n<ul>\n<li>Seguridad 24\/7<\/li>\n<li>Albercas<\/li>\n<li>Zen \u00e1rea<\/li>\n<li>Casa club<\/li>\n<li>Canchas deportivas<\/li>\n<li>Juegos para ni\u00f1os<\/li>\n<li>Gym<\/li>\n<\/ul>\n<p>Distancias<\/p>\n<ul>\n<li>Super \u2013 10 min<\/li>\n<li>Playa \u2013 10 min<\/li>\n<li>Restaurantes y Bares &#8211; 10 min<\/li>\n<li>Aeropuerto Cancun \u2013 20 min<\/li>\n<li>Playa del Carmen \u2013 35 min<\/li>\n<li>Cancun \u2013 40 min<\/li>\n<li>Xcaret \u2013 50 min<\/li>\n<\/ul>\n","protected":false},"excerpt":{"rendered":"<p>Nuestra habitaci\u00f3n en la planta baja.<\/p>\n<p>M\u00e1ximo 2 personas &#8211; m\u00ednimo 3 noches<\/p>\n<p>Hermosa y grande habitaci\u00f3n en planta baja con vista a nuestros \u00e1rboles y jardines. Acceso al jard\u00edn con hamaca. Un cuarto rodeado de naturaleza con un ventanal enorme y ventanas de piso a techo. Incluye closet y escritorio para trabajar si lo deseas. Incluye aire acondicionado y ventilador de techo SIN RUIDO.<\/p>\n","protected":false},"featured_media":6479,"template":"","meta":{"site-sidebar-layout":"default","site-content-layout":"default","ast-site-content-layout":"default","site-content-style":"default","site-sidebar-style":"default","ast-global-header-display":"","ast-banner-title-visibility":"","ast-main-header-display":"","ast-hfb-above-header-display":"","ast-hfb-below-header-display":"","ast-hfb-mobile-header-display":"","site-post-title":"","ast-breadcrumbs-content":"","ast-featured-img":"","footer-sml-layout":"","theme-transparent-header-meta":"default","adv-header-id-meta":"","stick-header-meta":"","header-above-stick-meta":"","header-main-stick-meta":"","header-below-stick-meta":"","astra-migrate-meta-layouts":"default","ast-page-background-enabled":"default","ast-page-background-meta":{"desktop":{"background-color":"","background-image":"","background-repeat":"repeat","background-position":"center center","background-size":"auto","background-attachment":"scroll","background-type":"","background-media":"","overlay-type":"","overlay-color":"","overlay-opacity":"","overlay-gradient":""},"tablet":{"background-color":"","background-image":"","background-repeat":"repeat","background-position":"center center","background-size":"auto","background-attachment":"scroll","background-type":"","background-media":"","overlay-type":"","overlay-color":"","overlay-opacity":"","overlay-gradient":""},"mobile":{"background-color":"","background-image":"","background-repeat":"repeat","background-position":"center center","background-size":"auto","background-attachment":"scroll","background-type":"","background-media":"","overlay-type":"","overlay-color":"","overlay-opacity":"","overlay-gradient":""}},"ast-content-background-meta":{"desktop":{"background-color":"var(--ast-global-color-5)","background-image":"","background-repeat":"repeat","background-position":"center center","background-size":"auto","background-attachment":"scroll","background-type":"","background-media":"","overlay-type":"","overlay-color":"","overlay-opacity":"","overlay-gradient":""},"tablet":{"background-color":"var(--ast-global-color-5)","background-image":"","background-repeat":"repeat","background-position":"center center","background-size":"auto","background-attachment":"scroll","background-type":"","background-media":"","overlay-type":"","overlay-color":"","overlay-opacity":"","overlay-gradient":""},"mobile":{"background-color":"var(--ast-global-color-5)","background-image":"","background-repeat":"repeat","background-position":"center center","background-size":"auto","background-attachment":"scroll","background-type":"","background-media":"","overlay-type":"","overlay-color":"","overlay-opacity":"","overlay-gradient":""}}},"product_brand":[],"product_cat":[40],"product_tag":[],"class_list":{"0":"post-3574","1":"product","2":"type-product","3":"status-publish","4":"has-post-thumbnail","6":"product_cat-cuartos","7":"yith_booking_service-shuttle-es","8":"desktop-align-left","9":"tablet-align-left","10":"mobile-align-left","12":"first","13":"instock","14":"virtual","15":"sold-individually","16":"purchasable","17":"product-type-booking"},"_links":{"self":[{"href":"https:\/\/eklum.com\/es\/wp-json\/wp\/v2\/product\/3574","targetHints":{"allow":["GET"]}}],"collection":[{"href":"https:\/\/eklum.com\/es\/wp-json\/wp\/v2\/product"}],"about":[{"href":"https:\/\/eklum.com\/es\/wp-json\/wp\/v2\/types\/product"}],"version-history":[{"count":6,"href":"https:\/\/eklum.com\/es\/wp-json\/wp\/v2\/product\/3574\/revisions"}],"predecessor-version":[{"id":4378,"href":"https:\/\/eklum.com\/es\/wp-json\/wp\/v2\/product\/3574\/revisions\/4378"}],"wp:featuredmedia":[{"embeddable":true,"href":"https:\/\/eklum.com\/es\/wp-json\/wp\/v2\/media\/6479"}],"wp:attachment":[{"href":"https:\/\/eklum.com\/es\/wp-json\/wp\/v2\/media?parent=3574"}],"wp:term":[{"taxonomy":"product_brand","embeddable":true,"href":"https:\/\/eklum.com\/es\/wp-json\/wp\/v2\/product_brand?post=3574"},{"taxonomy":"product_cat","embeddable":true,"href":"https:\/\/eklum.com\/es\/wp-json\/wp\/v2\/product_cat?post=3574"},{"taxonomy":"product_tag","embeddable":true,"href":"https:\/\/eklum.com\/es\/wp-json\/wp\/v2\/product_tag?post=3574"}],"curies":[{"name":"wp","href":"https:\/\/api.w.org\/{rel}","templated":true}]}}