{"id":3612,"date":"2022-06-23T19:28:45","date_gmt":"2022-06-23T19:28:45","guid":{"rendered":"https:\/\/eklum.com\/?post_type=product&#038;p=3612"},"modified":"2022-07-04T00:04:38","modified_gmt":"2022-07-04T00:04:38","slug":"chambre-dhote-a-louer-puerto-morelos","status":"publish","type":"product","link":"https:\/\/eklum.com\/fr\/room\/chambre-dhote-a-louer-puerto-morelos\/","title":{"rendered":"Chambre d\u00b4h\u00f4te \u00e0 louer Puerto Morelos \u00ab\u00a0Moonlight Room\u00a0\u00bb"},"content":{"rendered":"<p><em>UNE CONFORTABLE ET LUMINEUSE CHAMBRE D\u00b4H\u00d4TE \u00c1 LOUER PUERTO MORELOS AVEC VUE TERRASSE<\/em><\/p>\n<p>MAXIMUM 2 PERSONNES &#8211; MINIMUM 3 NUITS &#8211; <strong><em>PRIX EN PESOS MEXICAIN ( MXN)<\/em><\/strong><\/p>\n<p>Regardez la lune se pavaner dans le ciel \u00e9toil\u00e9 \u00e0 travers les fen\u00eatres de la chambre d\u00b4h\u00f4te \u00e0 louer Puerto Morelos Moonlight. Apr\u00e8s l&rsquo;aube, observez les oiseaux et la faune qui peuplent la cime des arbres tout autour. Passez par les portes coulissantes en verre sur la terrasse de 25 m\u00b2 pour une vue plus proche et allongez-vous dans le hamac ou asseyez-vous dans le fauteuil.<\/p>\n<p>La chambre Moonlight comprend :<\/p>\n<ul>\n<li>Un lit queen size<\/li>\n<li>2 tables de nuit<\/li>\n<li>Une commode avec miroir<\/li>\n<li>Un placard int\u00e9gr\u00e9 (cintres fournis)<\/li>\n<li>Un climatiseur Inverter<\/li>\n<li>Salle de bain compl\u00e8te adjacente<\/li>\n<li>Acc\u00e8s direct \u00e0 la terrasse et au hamac du 2e \u00e9tage<\/li>\n<\/ul>\n<p><strong>Zones partag\u00e9es<\/strong><\/p>\n<ul>\n<li>Une cuisine enti\u00e8rement \u00e9quip\u00e9e<\/li>\n<li>Salle \u00e0 manger<\/li>\n<li>Salon<\/li>\n<li>Toit &#8211; terrasse<\/li>\n<li>Terrasse<\/li>\n<li>Court ext\u00e9rieure<\/li>\n<\/ul>\n<p>\ud835\udc04\ud835\udc2a\ud835\udc2e\ud835\udc22\ud835\udc29e\ud835\udc26\ud835\udc1e\ud835\udc27\ud835\udc2d<\/p>\n<ul>\n<li>Alexa<\/li>\n<li>Chaudi\u00e8re solaire<\/li>\n<li>Internet<\/li>\n<li>Eau haute pression<\/li>\n<li>Stationnement pour 2 voitures<\/li>\n<li>Frigo<\/li>\n<li>Machine \u00e0 caf\u00e9<\/li>\n<li>Cuisini\u00e8re et four \u00e0 gaz<\/li>\n<li>Four micro onde<\/li>\n<li>Laveuse et s\u00e9cheuse<\/li>\n<li>Barbecue sur le toit<\/li>\n<li>Voiture (nous pouvons inclure dans la location la voiture moyennant un suppl\u00e9ment)<\/li>\n<\/ul>\n<p><strong>\ud835\udc11\u00e9\ud835\udc2c\ud835\udc22\ud835\udc1d\ud835\udc1e\ud835\udc27ce\u00a0 \ud835\udc00\ud835\udc0b\ud835\udc03\ud835\udc04\ud835\udc00 \ud835\udc0a\ud835\udc00\u00b4\ud835\udc00\ud835\udc0d<\/strong><\/p>\n<ul>\n<li>S\u00e9curit\u00e9 24h\/24 et 7j\/7<\/li>\n<li>Piscine communautaire<\/li>\n<li>Espace zen<\/li>\n<li>Club-house<\/li>\n<li>Parc pour animaux de compagnie<\/li>\n<li>Terrains multisports<\/li>\n<li>Aire de jeux pour enfants<\/li>\n<li>Piste cyclable<\/li>\n<\/ul>\n<p>\ud835\udc03\ud835\udc22\ud835\udc2c\ud835\udc2d\ud835\udc1a\ud835\udc27\ud835\udc1c\ud835\udc1e\ud835\udc2c<\/p>\n<ul>\n<li>Supermarch\u00e9 \u2013 10 min<\/li>\n<li>Plage \u2013 10 min<\/li>\n<li>Restaurants &amp; Bars &#8211; 10 min<\/li>\n<li>A\u00e9roport de Cancun\u00a0 \u2013 20 min<\/li>\n<li>Playa del Carmen \u2013 35 min<\/li>\n<li>Cancun \u2013 40 min<\/li>\n<li>Xcaret \u2013 50 min<\/li>\n<\/ul>\n<p>&nbsp;<\/p>\n","protected":false},"excerpt":{"rendered":"<p><em><strong>PRIX EN PESOS MEXICAINS ( MXN)<\/strong><\/em><\/p>\n<p>Regardez la lune se pavaner dans le ciel \u00e9toil\u00e9 \u00e0 travers les fen\u00eatres de la salle Moonlight . Apr\u00e8s l&rsquo;aube, observez les oiseaux et la faune qui peuplent la cime des arbres tout autour. Passez par les portes coulissantes en verre sur la terrasse de 25 m\u00b2 pour une vue plus proche et allongez-vous dans le hamac ou asseyez-vous dans le fauteuil.<\/p>\n<p>MAXIMUM 2 PERSONNES &#8211; MINIMUM 3 NUITS<\/p>\n","protected":false},"featured_media":3491,"template":"","meta":{"site-sidebar-layout":"default","site-content-layout":"default","ast-site-content-layout":"default","site-content-style":"default","site-sidebar-style":"default","ast-global-header-display":"","ast-banner-title-visibility":"","ast-main-header-display":"","ast-hfb-above-header-display":"","ast-hfb-below-header-display":"","ast-hfb-mobile-header-display":"","site-post-title":"","ast-breadcrumbs-content":"","ast-featured-img":"","footer-sml-layout":"","theme-transparent-header-meta":"default","adv-header-id-meta":"","stick-header-meta":"","header-above-stick-meta":"","header-main-stick-meta":"","header-below-stick-meta":"","astra-migrate-meta-layouts":"default","ast-page-background-enabled":"default","ast-page-background-meta":{"desktop":{"background-color":"","background-image":"","background-repeat":"repeat","background-position":"center center","background-size":"auto","background-attachment":"scroll","background-type":"","background-media":"","overlay-type":"","overlay-color":"","overlay-opacity":"","overlay-gradient":""},"tablet":{"background-color":"","background-image":"","background-repeat":"repeat","background-position":"center center","background-size":"auto","background-attachment":"scroll","background-type":"","background-media":"","overlay-type":"","overlay-color":"","overlay-opacity":"","overlay-gradient":""},"mobile":{"background-color":"","background-image":"","background-repeat":"repeat","background-position":"center center","background-size":"auto","background-attachment":"scroll","background-type":"","background-media":"","overlay-type":"","overlay-color":"","overlay-opacity":"","overlay-gradient":""}},"ast-content-background-meta":{"desktop":{"background-color":"var(--ast-global-color-5)","background-image":"","background-repeat":"repeat","background-position":"center center","background-size":"auto","background-attachment":"scroll","background-type":"","background-media":"","overlay-type":"","overlay-color":"","overlay-opacity":"","overlay-gradient":""},"tablet":{"background-color":"var(--ast-global-color-5)","background-image":"","background-repeat":"repeat","background-position":"center center","background-size":"auto","background-attachment":"scroll","background-type":"","background-media":"","overlay-type":"","overlay-color":"","overlay-opacity":"","overlay-gradient":""},"mobile":{"background-color":"var(--ast-global-color-5)","background-image":"","background-repeat":"repeat","background-position":"center center","background-size":"auto","background-attachment":"scroll","background-type":"","background-media":"","overlay-type":"","overlay-color":"","overlay-opacity":"","overlay-gradient":""}}},"product_brand":[],"product_cat":[54],"product_tag":[],"class_list":{"0":"post-3612","1":"product","2":"type-product","3":"status-publish","4":"has-post-thumbnail","6":"product_cat-chambres","7":"yith_booking_service-navette","8":"desktop-align-left","9":"tablet-align-left","10":"mobile-align-left","12":"first","13":"instock","14":"virtual","15":"sold-individually","16":"purchasable","17":"product-type-booking"},"_links":{"self":[{"href":"https:\/\/eklum.com\/fr\/wp-json\/wp\/v2\/product\/3612","targetHints":{"allow":["GET"]}}],"collection":[{"href":"https:\/\/eklum.com\/fr\/wp-json\/wp\/v2\/product"}],"about":[{"href":"https:\/\/eklum.com\/fr\/wp-json\/wp\/v2\/types\/product"}],"version-history":[{"count":2,"href":"https:\/\/eklum.com\/fr\/wp-json\/wp\/v2\/product\/3612\/revisions"}],"predecessor-version":[{"id":3614,"href":"https:\/\/eklum.com\/fr\/wp-json\/wp\/v2\/product\/3612\/revisions\/3614"}],"wp:featuredmedia":[{"embeddable":true,"href":"https:\/\/eklum.com\/fr\/wp-json\/wp\/v2\/media\/3491"}],"wp:attachment":[{"href":"https:\/\/eklum.com\/fr\/wp-json\/wp\/v2\/media?parent=3612"}],"wp:term":[{"taxonomy":"product_brand","embeddable":true,"href":"https:\/\/eklum.com\/fr\/wp-json\/wp\/v2\/product_brand?post=3612"},{"taxonomy":"product_cat","embeddable":true,"href":"https:\/\/eklum.com\/fr\/wp-json\/wp\/v2\/product_cat?post=3612"},{"taxonomy":"product_tag","embeddable":true,"href":"https:\/\/eklum.com\/fr\/wp-json\/wp\/v2\/product_tag?post=3612"}],"curies":[{"name":"wp","href":"https:\/\/api.w.org\/{rel}","templated":true}]}}