{"id":3788,"date":"2022-06-29T01:11:19","date_gmt":"2022-06-29T01:11:19","guid":{"rendered":"https:\/\/eklum.com\/?post_type=product&#038;p=3788"},"modified":"2022-10-20T13:27:42","modified_gmt":"2022-10-20T18:27:42","slug":"chambres-a-louer-puerto-morelos","status":"publish","type":"product","link":"https:\/\/eklum.com\/fr\/room\/chambres-a-louer-puerto-morelos\/","title":{"rendered":"\u25b7 Chambres \u00e0 louer Puerto Morelos &#8211; 4 personnes"},"content":{"rendered":"<h1>2 Chambres \u00e0 louer Puerto Morelos<\/h1>\n<p>&nbsp;<\/p>\n<p><em>MAXIMUM 4 PERSONNES &#8211; MINIMUM 3 NUITS <\/em><strong><em>&#8211; <\/em>PRIX EN PESOS MEXICAINS ( MXN)<\/strong><\/p>\n<p>Nouvelle r\u00e9sidence au milieu de la jungle du c\u00f4t\u00e9 de la plage de Puerto Morelos, \u00e0 quelques minutes de la plage et de ses eaux cristallines des Cara\u00efbes.<\/p>\n<p>Disponible \u00e0 long ou \u00e0 court terme, notre maison est situ\u00e9e dans une zone centrale, \u00e0 mi-chemin entre Cancun et Playa del Carmen. Vous aurez la tranquillit\u00e9 des Cara\u00efbes \u00e0 deux pas de la vie tr\u00e9pidante de deux villes importantes sur la c\u00f4te de Quintana Roo. Si vous \u00eates ici en vacances, envoyez-nous un message pour v\u00e9rifier si la maison est disponible pour la location de vacances \u00e0 Puerto Morelos.<\/p>\n<p>Escapade id\u00e9ale pour les couples, les petites familles \u00e0 la recherche d&rsquo;une atmosph\u00e8re calme et d\u00e9tendue \u00e0 Puerto Morelos.<\/p>\n<p>Grande et spacieuse maison r\u00e9partie sur 3 \u00e9tages. Vous aurez acc\u00e8s au salon, \u00e0 la cuisine et \u00e0 la terrasse communs. Les 2 chambres et 1 salle de bain compl\u00e8te sont au deuxi\u00e8me \u00e9tage. Le troisi\u00e8me \u00e9tage offre une terrasse panoramique pour votre plaisir et une buanderie.<\/p>\n<p><strong>L\u00b4espace<\/strong><\/p>\n<ul>\n<li>Une cuisine enti\u00e8rement \u00e9quip\u00e9e<\/li>\n<li>Salle \u00e0 manger<\/li>\n<li>Salon<\/li>\n<li>3 chambres<\/li>\n<li>2 salles de bain<\/li>\n<li>Buanderie<\/li>\n<li>Toit &#8211; terrasse<\/li>\n<li>Terrasse<\/li>\n<li>Court ext\u00e9rieure<\/li>\n<\/ul>\n<p>\ud835\udc04\ud835\udc2a\ud835\udc2e\ud835\udc22\ud835\udc29e\ud835\udc26\ud835\udc1e\ud835\udc27\ud835\udc2d<\/p>\n<ul>\n<li>Climatisation dans toutes les chambres<\/li>\n<li>Alexa<\/li>\n<li>Chaudi\u00e8re solaire<\/li>\n<li>Internet<\/li>\n<li>Eau haute pression<\/li>\n<li>Stationnement pour 2 voitures<\/li>\n<li>Frigo<\/li>\n<li>Moustiquaires<\/li>\n<li>Machine \u00e0 caf\u00e9<\/li>\n<li>Cuisini\u00e8re et four \u00e0 gaz<\/li>\n<li>Four micro onde<\/li>\n<li>Laveuse et s\u00e9cheuse<\/li>\n<li>Barbecue sur le toit<\/li>\n<li>Voiture (nous pouvons inclure dans la location la voiture moyennant un suppl\u00e9ment)<\/li>\n<\/ul>\n<p><strong>\ud835\udc11\u00e9\ud835\udc2c\ud835\udc22\ud835\udc1d\ud835\udc1e\ud835\udc27ce\u00a0 \ud835\udc00\ud835\udc0b\ud835\udc03\ud835\udc04\ud835\udc00 \ud835\udc0a\ud835\udc00\u00b4\ud835\udc00\ud835\udc0d<\/strong><\/p>\n<ul>\n<li>S\u00e9curit\u00e9 24h\/24 et 7j\/7<\/li>\n<li>Piscine communautaire<\/li>\n<li>Espace zen<\/li>\n<li>Club-house<\/li>\n<li>Parc pour animaux de compagnie<\/li>\n<li>Terrains multisports<\/li>\n<li>Aire de jeux pour enfants<\/li>\n<li>Piste cyclable<\/li>\n<\/ul>\n<p>\ud835\udc03\ud835\udc22\ud835\udc2c\ud835\udc2d\ud835\udc1a\ud835\udc27\ud835\udc1c\ud835\udc1e\ud835\udc2c<\/p>\n<ul>\n<li>Supermarch\u00e9 \u2013 10 min<\/li>\n<li>Plage \u2013 10 min<\/li>\n<li>Restaurants &amp; Bars &#8211; 10 min<\/li>\n<li>A\u00e9roport de Cancun\u00a0 \u2013 20 min<\/li>\n<li>Playa del Carmen \u2013 35 min<\/li>\n<li>Cancun \u2013 40 min<\/li>\n<li>Xcaret \u2013 50 min<\/li>\n<\/ul>\n","protected":false},"excerpt":{"rendered":"<p><em>MAXIMUM 4 PERSONNES &#8211; MINIMUM 3 NUITS <\/em><strong><em>&#8211; <\/em>PRIX EN PESOS MEXICAINS ( MXN)<\/strong><\/p>\n<p>Grande et spacieuse maison de 2 Chambres \u00e0 louer Puerto Morelos, r\u00e9partie sur 3 \u00e9tages. Vous aurez acc\u00e8s au salon, \u00e0 la cuisine et \u00e0 la terrasse communs. Les 2 chambres et 1 salle de bain compl\u00e8te sont au deuxi\u00e8me \u00e9tage. Le troisi\u00e8me \u00e9tage offre une terrasse panoramique pour votre plaisir et une buanderie.<\/p>\n<p>\u00a0<\/p>\n","protected":false},"featured_media":1570,"template":"","meta":{"site-sidebar-layout":"default","site-content-layout":"default","ast-site-content-layout":"","site-content-style":"default","site-sidebar-style":"default","ast-global-header-display":"","ast-banner-title-visibility":"","ast-main-header-display":"","ast-hfb-above-header-display":"","ast-hfb-below-header-display":"","ast-hfb-mobile-header-display":"","site-post-title":"","ast-breadcrumbs-content":"","ast-featured-img":"","footer-sml-layout":"","theme-transparent-header-meta":"default","adv-header-id-meta":"","stick-header-meta":"","header-above-stick-meta":"","header-main-stick-meta":"","header-below-stick-meta":"","astra-migrate-meta-layouts":"default","ast-page-background-enabled":"default","ast-page-background-meta":{"desktop":{"background-color":"","background-image":"","background-repeat":"repeat","background-position":"center center","background-size":"auto","background-attachment":"scroll","background-type":"","background-media":"","overlay-type":"","overlay-color":"","overlay-opacity":"","overlay-gradient":""},"tablet":{"background-color":"","background-image":"","background-repeat":"repeat","background-position":"center center","background-size":"auto","background-attachment":"scroll","background-type":"","background-media":"","overlay-type":"","overlay-color":"","overlay-opacity":"","overlay-gradient":""},"mobile":{"background-color":"","background-image":"","background-repeat":"repeat","background-position":"center center","background-size":"auto","background-attachment":"scroll","background-type":"","background-media":"","overlay-type":"","overlay-color":"","overlay-opacity":"","overlay-gradient":""}},"ast-content-background-meta":{"desktop":{"background-color":"var(--ast-global-color-5)","background-image":"","background-repeat":"repeat","background-position":"center center","background-size":"auto","background-attachment":"scroll","background-type":"","background-media":"","overlay-type":"","overlay-color":"","overlay-opacity":"","overlay-gradient":""},"tablet":{"background-color":"var(--ast-global-color-5)","background-image":"","background-repeat":"repeat","background-position":"center center","background-size":"auto","background-attachment":"scroll","background-type":"","background-media":"","overlay-type":"","overlay-color":"","overlay-opacity":"","overlay-gradient":""},"mobile":{"background-color":"var(--ast-global-color-5)","background-image":"","background-repeat":"repeat","background-position":"center center","background-size":"auto","background-attachment":"scroll","background-type":"","background-media":"","overlay-type":"","overlay-color":"","overlay-opacity":"","overlay-gradient":""}}},"product_brand":[],"product_cat":[54],"product_tag":[],"class_list":{"0":"post-3788","1":"product","2":"type-product","3":"status-publish","4":"has-post-thumbnail","6":"product_cat-chambres","7":"yith_booking_service-navette","8":"desktop-align-left","9":"tablet-align-left","10":"mobile-align-left","12":"first","13":"instock","14":"virtual","15":"sold-individually","16":"purchasable","17":"product-type-booking"},"_links":{"self":[{"href":"https:\/\/eklum.com\/fr\/wp-json\/wp\/v2\/product\/3788","targetHints":{"allow":["GET"]}}],"collection":[{"href":"https:\/\/eklum.com\/fr\/wp-json\/wp\/v2\/product"}],"about":[{"href":"https:\/\/eklum.com\/fr\/wp-json\/wp\/v2\/types\/product"}],"version-history":[{"count":3,"href":"https:\/\/eklum.com\/fr\/wp-json\/wp\/v2\/product\/3788\/revisions"}],"predecessor-version":[{"id":4656,"href":"https:\/\/eklum.com\/fr\/wp-json\/wp\/v2\/product\/3788\/revisions\/4656"}],"wp:featuredmedia":[{"embeddable":true,"href":"https:\/\/eklum.com\/fr\/wp-json\/wp\/v2\/media\/1570"}],"wp:attachment":[{"href":"https:\/\/eklum.com\/fr\/wp-json\/wp\/v2\/media?parent=3788"}],"wp:term":[{"taxonomy":"product_brand","embeddable":true,"href":"https:\/\/eklum.com\/fr\/wp-json\/wp\/v2\/product_brand?post=3788"},{"taxonomy":"product_cat","embeddable":true,"href":"https:\/\/eklum.com\/fr\/wp-json\/wp\/v2\/product_cat?post=3788"},{"taxonomy":"product_tag","embeddable":true,"href":"https:\/\/eklum.com\/fr\/wp-json\/wp\/v2\/product_tag?post=3788"}],"curies":[{"name":"wp","href":"https:\/\/api.w.org\/{rel}","templated":true}]}}